{"id":2,"date":"2025-11-24T16:43:26","date_gmt":"2025-11-24T16:43:26","guid":{"rendered":"http:\/\/zoha.mtechfixers.com\/?page_id=2"},"modified":"2025-11-24T16:43:26","modified_gmt":"2025-11-24T16:43:26","slug":"sample-page","status":"publish","type":"page","link":"https:\/\/hola-wash.com\/es\/sample-page\/","title":{"rendered":"P\u00e1gina de muestra"},"content":{"rendered":"<p>Esta es una p\u00e1gina de ejemplo. Es diferente de una entrada de blog porque permanecer\u00e1 en un lugar fijo y aparecer\u00e1 en la navegaci\u00f3n de tu sitio (en la mayor\u00eda de los temas). La mayor\u00eda de la gente empieza con una p\u00e1gina \u00abAcerca de\u00bb que les presenta a los posibles visitantes del sitio. Podr\u00eda decir algo como esto:<\/p>\n\n\n\n<blockquote class=\"wp-block-quote is-layout-flow wp-block-quote-is-layout-flow\"><p>\u00a1Hola! Soy mensajero en bicicleta durante el d\u00eda, aspirante a actor por la noche, y esta es mi p\u00e1gina web. Vivo en Los \u00c1ngeles, tengo un perro estupendo llamado Jack y me gustan las pi\u00f1as coladas. (Y que me pille la lluvia).<\/p><\/blockquote>\n\n\n\n<p>\u2026o algo as\u00ed:<\/p>\n\n\n\n<blockquote class=\"wp-block-quote is-layout-flow wp-block-quote-is-layout-flow\"><p>La empresa XYZ Doohickey Company se fund\u00f3 en 1971 y, desde entonces, ha estado proporcionando doohickeys de calidad al p\u00fablico. Ubicada en Gotham City, XYZ emplea a m\u00e1s de 2000 personas y realiza todo tipo de actividades incre\u00edbles para la comunidad de Gotham.<\/p><\/blockquote>\n\n\n\n<p>Como nuevo usuario de WordPress, debes ir a <a href=\"http:\/\/hola-wash.com\/wp-admin\/\">tu panel de control<\/a> para eliminar esta p\u00e1gina y crear nuevas p\u00e1ginas para tu contenido. \u00a1Que te diviertas!<\/p>","protected":false},"excerpt":{"rendered":"<p>This is an example page. It&#8217;s different from a blog post because it will stay in one place and will show up in your site navigation (in most themes). Most people start with an About page that introduces them to potential site visitors. It might say something like this: Hi there! I&#8217;m a bike messenger [&hellip;]<\/p>\n","protected":false},"author":1,"featured_media":0,"parent":0,"menu_order":0,"comment_status":"closed","ping_status":"open","template":"","meta":{"content-type":"","postBodyCss":"","postBodyMargin":[],"postBodyPadding":[],"postBodyBackground":{"backgroundType":"classic","gradient":""},"footnotes":""},"class_list":["post-2","page","type-page","status-publish","hentry"],"yoast_head":"<!-- This site is optimized with the Yoast SEO plugin v27.5 - https:\/\/yoast.com\/product\/yoast-seo-wordpress\/ -->\n<title>Sample Page - HolaWash<\/title>\n<meta name=\"robots\" content=\"index, follow, max-snippet:-1, max-image-preview:large, max-video-preview:-1\" \/>\n<link rel=\"canonical\" href=\"https:\/\/hola-wash.com\/es\/sample-page\/\" \/>\n<meta property=\"og:locale\" content=\"es_ES\" \/>\n<meta property=\"og:type\" content=\"article\" \/>\n<meta property=\"og:title\" content=\"Sample Page - HolaWash\" \/>\n<meta property=\"og:description\" content=\"This is an example page. It&#8217;s different from a blog post because it will stay in one place and will show up in your site navigation (in most themes). Most people start with an About page that introduces them to potential site visitors. It might say something like this: Hi there! I&#8217;m a bike messenger [&hellip;]\" \/>\n<meta property=\"og:url\" content=\"https:\/\/hola-wash.com\/es\/sample-page\/\" \/>\n<meta property=\"og:site_name\" content=\"HolaWash\" \/>\n<meta property=\"og:image\" content=\"https:\/\/hola-wash.com\/wp-content\/uploads\/2026\/01\/WhatsApp-Image-2026-01-19-at-11.59.41-PM.jpeg\" \/>\n\t<meta property=\"og:image:width\" content=\"640\" \/>\n\t<meta property=\"og:image:height\" content=\"640\" \/>\n\t<meta property=\"og:image:type\" content=\"image\/jpeg\" \/>\n<meta name=\"twitter:card\" content=\"summary_large_image\" \/>\n<meta name=\"twitter:label1\" content=\"Tiempo de lectura\" \/>\n\t<meta name=\"twitter:data1\" content=\"1 minuto\" \/>\n<script type=\"application\/ld+json\" class=\"yoast-schema-graph\">{\"@context\":\"https:\\\/\\\/schema.org\",\"@graph\":[{\"@type\":\"WebPage\",\"@id\":\"https:\\\/\\\/hola-wash.com\\\/sample-page\\\/\",\"url\":\"https:\\\/\\\/hola-wash.com\\\/sample-page\\\/\",\"name\":\"Sample Page - HolaWash\",\"isPartOf\":{\"@id\":\"https:\\\/\\\/hola-wash.com\\\/#website\"},\"datePublished\":\"2025-11-24T16:43:26+00:00\",\"breadcrumb\":{\"@id\":\"https:\\\/\\\/hola-wash.com\\\/sample-page\\\/#breadcrumb\"},\"inLanguage\":\"es\",\"potentialAction\":[{\"@type\":\"ReadAction\",\"target\":[\"https:\\\/\\\/hola-wash.com\\\/sample-page\\\/\"]}]},{\"@type\":\"BreadcrumbList\",\"@id\":\"https:\\\/\\\/hola-wash.com\\\/sample-page\\\/#breadcrumb\",\"itemListElement\":[{\"@type\":\"ListItem\",\"position\":1,\"name\":\"Home\",\"item\":\"https:\\\/\\\/hola-wash.com\\\/\"},{\"@type\":\"ListItem\",\"position\":2,\"name\":\"Sample Page\"}]},{\"@type\":\"WebSite\",\"@id\":\"https:\\\/\\\/hola-wash.com\\\/#website\",\"url\":\"https:\\\/\\\/hola-wash.com\\\/\",\"name\":\"HolaWash\",\"description\":\"Order Today for 24hr Laundry &amp; Dry Cleaning\",\"publisher\":{\"@id\":\"https:\\\/\\\/hola-wash.com\\\/#organization\"},\"potentialAction\":[{\"@type\":\"SearchAction\",\"target\":{\"@type\":\"EntryPoint\",\"urlTemplate\":\"https:\\\/\\\/hola-wash.com\\\/?s={search_term_string}\"},\"query-input\":{\"@type\":\"PropertyValueSpecification\",\"valueRequired\":true,\"valueName\":\"search_term_string\"}}],\"inLanguage\":\"es\"},{\"@type\":\"Organization\",\"@id\":\"https:\\\/\\\/hola-wash.com\\\/#organization\",\"name\":\"HolaWash\",\"url\":\"https:\\\/\\\/hola-wash.com\\\/\",\"logo\":{\"@type\":\"ImageObject\",\"inLanguage\":\"es\",\"@id\":\"https:\\\/\\\/hola-wash.com\\\/#\\\/schema\\\/logo\\\/image\\\/\",\"url\":\"https:\\\/\\\/hola-wash.com\\\/wp-content\\\/uploads\\\/2026\\\/01\\\/WhatsApp-Image-2026-01-20-at-12.09.53-AM-e1768850073879.jpeg\",\"contentUrl\":\"https:\\\/\\\/hola-wash.com\\\/wp-content\\\/uploads\\\/2026\\\/01\\\/WhatsApp-Image-2026-01-20-at-12.09.53-AM-e1768850073879.jpeg\",\"width\":413,\"height\":273,\"caption\":\"HolaWash\"},\"image\":{\"@id\":\"https:\\\/\\\/hola-wash.com\\\/#\\\/schema\\\/logo\\\/image\\\/\"}}]}<\/script>\n<!-- \/ Yoast SEO plugin. -->","yoast_head_json":{"title":"P\u00e1gina de muestra - HolaWash","robots":{"index":"index","follow":"follow","max-snippet":"max-snippet:-1","max-image-preview":"max-image-preview:large","max-video-preview":"max-video-preview:-1"},"canonical":"https:\/\/hola-wash.com\/es\/sample-page\/","og_locale":"es_ES","og_type":"article","og_title":"Sample Page - HolaWash","og_description":"This is an example page. It&#8217;s different from a blog post because it will stay in one place and will show up in your site navigation (in most themes). Most people start with an About page that introduces them to potential site visitors. It might say something like this: Hi there! I&#8217;m a bike messenger [&hellip;]","og_url":"https:\/\/hola-wash.com\/es\/sample-page\/","og_site_name":"HolaWash","og_image":[{"width":640,"height":640,"url":"https:\/\/hola-wash.com\/wp-content\/uploads\/2026\/01\/WhatsApp-Image-2026-01-19-at-11.59.41-PM.jpeg","type":"image\/jpeg"}],"twitter_card":"summary_large_image","twitter_misc":{"Tiempo de lectura":"1 minuto"},"schema":{"@context":"https:\/\/schema.org","@graph":[{"@type":"WebPage","@id":"https:\/\/hola-wash.com\/sample-page\/","url":"https:\/\/hola-wash.com\/sample-page\/","name":"P\u00e1gina de muestra - HolaWash","isPartOf":{"@id":"https:\/\/hola-wash.com\/#website"},"datePublished":"2025-11-24T16:43:26+00:00","breadcrumb":{"@id":"https:\/\/hola-wash.com\/sample-page\/#breadcrumb"},"inLanguage":"es","potentialAction":[{"@type":"ReadAction","target":["https:\/\/hola-wash.com\/sample-page\/"]}]},{"@type":"BreadcrumbList","@id":"https:\/\/hola-wash.com\/sample-page\/#breadcrumb","itemListElement":[{"@type":"ListItem","position":1,"name":"Home","item":"https:\/\/hola-wash.com\/"},{"@type":"ListItem","position":2,"name":"Sample Page"}]},{"@type":"WebSite","@id":"https:\/\/hola-wash.com\/#website","url":"https:\/\/hola-wash.com\/","name":"HolaWash","description":"Pida hoy su lavander\u00eda y tintorer\u00eda 24 horas","publisher":{"@id":"https:\/\/hola-wash.com\/#organization"},"potentialAction":[{"@type":"SearchAction","target":{"@type":"EntryPoint","urlTemplate":"https:\/\/hola-wash.com\/?s={search_term_string}"},"query-input":{"@type":"PropertyValueSpecification","valueRequired":true,"valueName":"search_term_string"}}],"inLanguage":"es"},{"@type":"Organization","@id":"https:\/\/hola-wash.com\/#organization","name":"HolaWash","url":"https:\/\/hola-wash.com\/","logo":{"@type":"ImageObject","inLanguage":"es","@id":"https:\/\/hola-wash.com\/#\/schema\/logo\/image\/","url":"https:\/\/hola-wash.com\/wp-content\/uploads\/2026\/01\/WhatsApp-Image-2026-01-20-at-12.09.53-AM-e1768850073879.jpeg","contentUrl":"https:\/\/hola-wash.com\/wp-content\/uploads\/2026\/01\/WhatsApp-Image-2026-01-20-at-12.09.53-AM-e1768850073879.jpeg","width":413,"height":273,"caption":"HolaWash"},"image":{"@id":"https:\/\/hola-wash.com\/#\/schema\/logo\/image\/"}}]}},"_links":{"self":[{"href":"https:\/\/hola-wash.com\/es\/wp-json\/wp\/v2\/pages\/2","targetHints":{"allow":["GET"]}}],"collection":[{"href":"https:\/\/hola-wash.com\/es\/wp-json\/wp\/v2\/pages"}],"about":[{"href":"https:\/\/hola-wash.com\/es\/wp-json\/wp\/v2\/types\/page"}],"author":[{"embeddable":true,"href":"https:\/\/hola-wash.com\/es\/wp-json\/wp\/v2\/users\/1"}],"replies":[{"embeddable":true,"href":"https:\/\/hola-wash.com\/es\/wp-json\/wp\/v2\/comments?post=2"}],"version-history":[{"count":0,"href":"https:\/\/hola-wash.com\/es\/wp-json\/wp\/v2\/pages\/2\/revisions"}],"wp:attachment":[{"href":"https:\/\/hola-wash.com\/es\/wp-json\/wp\/v2\/media?parent=2"}],"curies":[{"name":"wp","href":"https:\/\/api.w.org\/{rel}","templated":true}]}}